{"id":3233,"date":"2023-04-25T11:13:16","date_gmt":"2023-04-25T09:13:16","guid":{"rendered":"https:\/\/prasiva2024.prorodiny.cz\/?page_id=3233"},"modified":"2024-05-06T16:06:12","modified_gmt":"2024-05-06T14:06:12","slug":"2023-2","status":"publish","type":"page","link":"https:\/\/prasiva2023.prorodiny.cz\/","title":{"rendered":"2023"},"content":{"rendered":"<p>[et_pb_section fb_built=&#8220;1&#8243; specialty=&#8220;on&#8220; next_background_color=&#8220;#ffffff&#8220; _builder_version=&#8220;4.21.0&#8243; _module_preset=&#8220;default&#8220; background_color=&#8220;#fff9c6&#8243; background_image=&#8220;https:\/\/prasiva2024.prorodiny.cz\/wp-content\/uploads\/2023\/04\/slunce.png&#8220; background_size=&#8220;custom&#8220; background_image_width=&#8220;0%&#8220; background_position=&#8220;top_left&#8220; background_horizontal_offset=&#8220;20%&#8220; background_enable_video_mp4=&#8220;off&#8220; bottom_divider_style=&#8220;waves&#8220; bottom_divider_height=&#8220;48px&#8220; global_colors_info=&#8220;{}&#8220;][et_pb_column type=&#8220;1_2&#8243; _builder_version=&#8220;4.16&#8243; custom_padding=&#8220;|||&#8220; global_colors_info=&#8220;{}&#8220; custom_padding__hover=&#8220;|||&#8220;][et_pb_image src=&#8220;https:\/\/prasiva2024.prorodiny.cz\/wp-content\/uploads\/2023\/04\/ilustrace_web.png&#8220; title_text=&#8220;ilustrace_web&#8220; force_fullwidth=&#8220;on&#8220; _builder_version=&#8220;4.20.4&#8243; _module_preset=&#8220;default&#8220; global_colors_info=&#8220;{}&#8220;][\/et_pb_image][\/et_pb_column][et_pb_column type=&#8220;1_2&#8243; specialty_columns=&#8220;2&#8243; _builder_version=&#8220;4.16&#8243; custom_padding=&#8220;|||&#8220; global_colors_info=&#8220;{}&#8220; custom_padding__hover=&#8220;|||&#8220;][et_pb_row_inner _builder_version=&#8220;4.20.4&#8243; _module_preset=&#8220;default&#8220; custom_padding=&#8220;|0px||||&#8220; global_colors_info=&#8220;{}&#8220;][et_pb_column_inner saved_specialty_column_type=&#8220;1_2&#8243; _builder_version=&#8220;4.20.4&#8243; _module_preset=&#8220;default&#8220; global_colors_info=&#8220;{}&#8220;][et_pb_text _builder_version=&#8220;4.20.4&#8243; _module_preset=&#8220;default&#8220; text_font=&#8220;|300|||||||&#8220; header_font=&#8220;Advent Pro|||on|||||&#8220; header_text_align=&#8220;center&#8220; header_text_color=&#8220;#113B65&#8243; header_font_size=&#8220;62px&#8220; global_colors_info=&#8220;{}&#8220;]<\/p>\n<h1>Sd\u00edlej nad\u011bji<\/h1>\n<p>[\/et_pb_text][et_pb_text _builder_version=&#8220;4.20.4&#8243; _module_preset=&#8220;default&#8220; text_font=&#8220;|800|||||||&#8220; text_text_color=&#8220;#94C11F&#8220; text_font_size=&#8220;31px&#8220; text_line_height=&#8220;1em&#8220; text_orientation=&#8220;center&#8220; global_colors_info=&#8220;{}&#8220;]<\/p>\n<p>Setk\u00e1n\u00ed d\u011bt\u00ed a rodin<br \/>s otcem biskupem<\/p>\n<p>[\/et_pb_text][et_pb_text _builder_version=&#8220;4.20.4&#8243; _module_preset=&#8220;default&#8220; text_font=&#8220;|300|||||||&#8220; header_font=&#8220;Advent Pro|||on|||||&#8220; header_text_align=&#8220;center&#8220; header_text_color=&#8220;#113B65&#8243; header_font_size=&#8220;62px&#8220; global_colors_info=&#8220;{}&#8220;]<\/p>\n<h1>1. 7. 2023<\/h1>\n<p>[\/et_pb_text][\/et_pb_column_inner][\/et_pb_row_inner][\/et_pb_column][\/et_pb_section][et_pb_section fb_built=&#8220;1&#8243; _builder_version=&#8220;4.21.0&#8243; _module_preset=&#8220;default&#8220; background_enable_video_mp4=&#8220;off&#8220; min_height=&#8220;158.4px&#8220; custom_margin=&#8220;-1px|||||&#8220; global_colors_info=&#8220;{}&#8220;][et_pb_row _builder_version=&#8220;4.21.0&#8243; _module_preset=&#8220;default&#8220; custom_padding=&#8220;||0px|||&#8220; global_colors_info=&#8220;{}&#8220;][et_pb_column type=&#8220;4_4&#8243; _builder_version=&#8220;4.21.0&#8243; _module_preset=&#8220;default&#8220; global_colors_info=&#8220;{}&#8220;][et_pb_text _builder_version=&#8220;4.21.0&#8243; _module_preset=&#8220;default&#8220; min_height=&#8220;31px&#8220; global_colors_info=&#8220;{}&#8220;]<\/p>\n<h1><strong>Pra\u0161iv\u00e1 2023<\/strong><\/h1>\n<p>[\/et_pb_text][\/et_pb_column][\/et_pb_row][et_pb_row module_id=&#8220;program&#8220; module_class=&#8220;program&#8220; _builder_version=&#8220;4.21.0&#8243; _module_preset=&#8220;default&#8220; global_colors_info=&#8220;{}&#8220;][et_pb_column type=&#8220;4_4&#8243; _builder_version=&#8220;4.21.0&#8243; _module_preset=&#8220;default&#8220; global_colors_info=&#8220;{}&#8220;][et_pb_gallery gallery_ids=&#8220;3450,3457,3468,3485&#8243; show_title_and_caption=&#8220;off&#8220; show_pagination=&#8220;off&#8220; _builder_version=&#8220;4.21.0&#8243; _dynamic_attributes=&#8220;link_option_url&#8220; _module_preset=&#8220;default&#8220; link_option_url=&#8220;@ET-DC@eyJkeW5hbWljIjp0cnVlLCJjb250ZW50IjoicG9zdF9saW5rX3VybF9wYWdlIiwic2V0dGluZ3MiOnsicG9zdF9pZCI6IjMwNzAifX0=@&#8220; global_colors_info=&#8220;{}&#8220;][\/et_pb_gallery][et_pb_text _builder_version=&#8220;4.25.0&#8243; _module_preset=&#8220;default&#8220; min_height=&#8220;31px&#8220; link_option_url=&#8220;https:\/\/prasiva2023.prorodiny.cz\/?page_id=3070&#8243; hover_enabled=&#8220;0&#8243; global_colors_info=&#8220;{}&#8220; sticky_enabled=&#8220;0&#8243;]<\/p>\n<p style=\"text-align: right;\"><a href=\"https:\/\/prasiva2023.prorodiny.cz\/?page_id=3070\">V\u00edce &gt;&gt;<\/a><\/p>\n<p style=\"text-align: left;\">[\/et_pb_text][\/et_pb_column][\/et_pb_row][\/et_pb_section][et_pb_section fb_built=&#8220;1&#8243; prev_background_color=&#8220;#ffffff&#8220; _builder_version=&#8220;4.21.0&#8243; _module_preset=&#8220;default&#8220; background_color=&#8220;#FFF9C6&#8243; background_enable_image=&#8220;off&#8220; min_height=&#8220;472.4px&#8220; top_divider_style=&#8220;waves&#8220; top_divider_height=&#8220;32px&#8220; bottom_divider_style=&#8220;waves&#8220; bottom_divider_color=&#8220;#94C11F&#8220; bottom_divider_height=&#8220;60px&#8220; global_colors_info=&#8220;{}&#8220;][et_pb_row column_structure=&#8220;2_5,3_5&#8243; module_id=&#8220;sbirka&#8220; module_class=&#8220;sbirka&#8220; _builder_version=&#8220;4.21.0&#8243; _module_preset=&#8220;default&#8220; min_height=&#8220;329.3px&#8220; global_colors_info=&#8220;{}&#8220;][et_pb_column type=&#8220;2_5&#8243; _builder_version=&#8220;4.21.0&#8243; _module_preset=&#8220;default&#8220; global_colors_info=&#8220;{}&#8220;][et_pb_text _builder_version=&#8220;4.21.0&#8243; _module_preset=&#8220;default&#8220; text_text_color=&#8220;#113B65&#8243; header_2_text_color=&#8220;#113B65&#8243; global_colors_info=&#8220;{}&#8220;]<\/p>\n<h2>Sb\u00edrka<\/h2>\n<p>Moc d\u011bkujeme za va\u0161i \u0161t\u011bdrost! V\u00fdt\u011b\u017eek, kter\u00fd d\u00edvce Ag\u00e1tce p\u0159isp\u011bje na jej\u00ed rehabilita\u010dn\u00ed p\u00e9\u010di a n\u00e1ro\u010dn\u00e9 terapeutick\u00e9 cvi\u010den\u00ed, byl vybr\u00e1n <strong>rekordn\u00edch\u00a034 983 K\u010d<\/strong>.<\/p>\n<p>[\/et_pb_text][\/et_pb_column][et_pb_column type=&#8220;3_5&#8243; _builder_version=&#8220;4.21.0&#8243; _module_preset=&#8220;default&#8220; global_colors_info=&#8220;{}&#8220;][et_pb_gallery gallery_ids=&#8220;3274,3272,3273&#8243; fullwidth=&#8220;on&#8220; _builder_version=&#8220;4.21.0&#8243; _module_preset=&#8220;default&#8220; width=&#8220;50%&#8220; custom_margin=&#8220;|-95px|-3px|||&#8220; auto=&#8220;on&#8220; border_radii=&#8220;on|103px|103px|103px|103px&#8220; global_colors_info=&#8220;{}&#8220;][\/et_pb_gallery][\/et_pb_column][\/et_pb_row][\/et_pb_section][et_pb_section fb_built=&#8220;1&#8243; _builder_version=&#8220;4.21.0&#8243; _module_preset=&#8220;default&#8220; background_color=&#8220;#94C11F&#8220; global_colors_info=&#8220;{}&#8220;][et_pb_row _builder_version=&#8220;4.21.0&#8243; _module_preset=&#8220;default&#8220; global_colors_info=&#8220;{}&#8220;][et_pb_column type=&#8220;4_4&#8243; _builder_version=&#8220;4.21.0&#8243; _module_preset=&#8220;default&#8220; global_colors_info=&#8220;{}&#8220;][et_pb_text module_id=&#8220;stanoviste&#8220; module_class=&#8220;stanoviste&#8220; _builder_version=&#8220;4.21.0&#8243; _module_preset=&#8220;default&#8220; global_colors_info=&#8220;{}&#8220;]<\/p>\n<h2 style=\"text-align: center;\">T\u011b\u0161\u00edme se na v\u00e1s zase za rok 1. 7. 2024<\/h2>\n<p>[\/et_pb_text][\/et_pb_column][\/et_pb_row][\/et_pb_section][et_pb_section fb_built=&#8220;1&#8243; _builder_version=&#8220;4.21.0&#8243; _module_preset=&#8220;default&#8220; background_color=&#8220;#FFF9C6&#8243; min_height=&#8220;472.4px&#8220; top_divider_style=&#8220;waves&#8220; top_divider_color=&#8220;#94C11F&#8220; top_divider_height=&#8220;72px&#8220; bottom_divider_height=&#8220;34px&#8220; global_colors_info=&#8220;{}&#8220;][et_pb_row column_structure=&#8220;1_4,1_4,1_4,1_4&#8243; admin_label=&#8220;Subscribe&#8220; _builder_version=&#8220;4.17.3&#8243; min_height=&#8220;170px&#8220; custom_padding=&#8220;74px|0px|0px|0px|false|false&#8220; animation_style=&#8220;zoom&#8220; global_colors_info=&#8220;{}&#8220;][et_pb_column type=&#8220;1_4&#8243; _builder_version=&#8220;4.16&#8243; custom_padding=&#8220;|||&#8220; global_colors_info=&#8220;{}&#8220; custom_padding__hover=&#8220;|||&#8220;][et_pb_image src=&#8220;https:\/\/prasiva2023.prorodiny.cz\/wp-content\/uploads\/2024\/02\/CPR.png&#8220; title_text=&#8220;CPR&#8220; url=&#8220;http:\/\/www.prorodiny.cz&#8220; url_new_window=&#8220;on&#8220; align=&#8220;center&#8220; admin_label=&#8220;Logo Centrum pro rodinu a soci\u00e1ln\u00ed p\u00e9\u010di, z. s.&#8220; _builder_version=&#8220;4.24.2&#8243; _module_preset=&#8220;default&#8220; height=&#8220;80px&#8220; custom_padding=&#8220;|0px||41px||&#8220; global_colors_info=&#8220;{}&#8220;][\/et_pb_image][\/et_pb_column][et_pb_column type=&#8220;1_4&#8243; _builder_version=&#8220;4.16&#8243; custom_padding=&#8220;|||&#8220; global_colors_info=&#8220;{}&#8220; custom_padding__hover=&#8220;|||&#8220;][et_pb_image src=&#8220;https:\/\/prasiva2024.prorodiny.cz\/wp-content\/uploads\/2022\/03\/KPC.png&#8220; title_text=&#8220;Katechetick\u00e9 a pedagogick\u00e9 centrum&#8220; url=&#8220;http:\/\/www.kpc.doo.cz&#8220; url_new_window=&#8220;on&#8220; align=&#8220;center&#8220; _builder_version=&#8220;4.17.3&#8243; _module_preset=&#8220;default&#8220; custom_margin=&#8220;|-13px||||&#8220; custom_padding=&#8220;|0px||||&#8220; global_colors_info=&#8220;{}&#8220;][\/et_pb_image][\/et_pb_column][et_pb_column type=&#8220;1_4&#8243; _builder_version=&#8220;4.16&#8243; custom_padding=&#8220;|||&#8220; global_colors_info=&#8220;{}&#8220; custom_padding__hover=&#8220;|||&#8220;][et_pb_image src=&#8220;https:\/\/prasiva2023.prorodiny.cz\/wp-content\/uploads\/2024\/02\/DCM.png&#8220; title_text=&#8220;DCM&#8220; url=&#8220;http:\/\/www.dcm.doo.cz&#8220; align=&#8220;center&#8220; _builder_version=&#8220;4.24.2&#8243; _module_preset=&#8220;default&#8220; width=&#8220;76%&#8220; height=&#8220;70px&#8220; custom_padding=&#8220;|29px||||&#8220; global_colors_info=&#8220;{}&#8220;][\/et_pb_image][\/et_pb_column][et_pb_column type=&#8220;1_4&#8243; _builder_version=&#8220;4.16&#8243; custom_padding=&#8220;|||&#8220; global_colors_info=&#8220;{}&#8220; custom_padding__hover=&#8220;|||&#8220;][et_pb_image src=&#8220;https:\/\/prasiva2024.prorodiny.cz\/wp-content\/uploads\/2022\/04\/Logo_srafovane1.png&#8220; alt=&#8220;Biskupstv\u00ed ostravsko-opavsk\u00e9&#8220; title_text=&#8220;Biskupstv\u00ed ostravsko-opavsk\u00e9&#8220; url=&#8220;http:\/\/www.doo.cz&#8220; url_new_window=&#8220;on&#8220; _builder_version=&#8220;4.17.3&#8243; _module_preset=&#8220;default&#8220; width=&#8220;100%&#8220; custom_padding=&#8220;||7px|||&#8220; global_colors_info=&#8220;{}&#8220;][\/et_pb_image][\/et_pb_column][\/et_pb_row][et_pb_row _builder_version=&#8220;4.20.4&#8243; _module_preset=&#8220;default&#8220; global_colors_info=&#8220;{}&#8220;][et_pb_column type=&#8220;4_4&#8243; _builder_version=&#8220;4.20.4&#8243; _module_preset=&#8220;default&#8220; global_colors_info=&#8220;{}&#8220;][et_pb_text _builder_version=&#8220;4.17.3&#8243; _module_preset=&#8220;default&#8220; width=&#8220;100%&#8220; min_height=&#8220;29.8px&#8220; custom_margin=&#8220;-2px|||||&#8220; custom_padding=&#8220;||0px|||&#8220; global_colors_info=&#8220;{}&#8220;]<\/p>\n<p style=\"text-align: center;\">Akci pro v\u00e1s p\u0159ipravuj\u00ed Centrum pro rodinu a soci\u00e1ln\u00ed p\u00e9\u010di, Katechetick\u00e9 a pedagogick\u00e9 centrum a Diec\u00e9zn\u00ed centrum ml\u00e1de\u017ee.<\/p>\n<p>[\/et_pb_text][\/et_pb_column][\/et_pb_row][et_pb_row column_structure=&#8220;1_3,1_3,1_3&#8243; make_equal=&#8220;on&#8220; _builder_version=&#8220;4.17.3&#8243; _module_preset=&#8220;default&#8220; position_origin_r=&#8220;bottom_left&#8220; custom_margin=&#8220;-20px|auto||auto||&#8220; custom_padding=&#8220;14px|||||&#8220; animation_style=&#8220;zoom&#8220; border_radii=&#8220;on|12px|12px|12px|12px&#8220; global_colors_info=&#8220;{}&#8220;][et_pb_column type=&#8220;1_3&#8243; _builder_version=&#8220;4.16&#8243; _module_preset=&#8220;default&#8220; global_colors_info=&#8220;{}&#8220;][et_pb_image src=&#8220;https:\/\/prasiva2024.prorodiny.cz\/wp-content\/uploads\/2022\/03\/kraj-1.png&#8220; title_text=&#8220;Moravskoslezsk\u00fd kraj&#8220; show_bottom_space=&#8220;off&#8220; align=&#8220;center&#8220; align_tablet=&#8220;center&#8220; align_phone=&#8220;center&#8220; align_last_edited=&#8220;on|desktop&#8220; _builder_version=&#8220;4.17.3&#8243; _module_preset=&#8220;default&#8220; height=&#8220;100px&#8220; height_tablet=&#8220;100px&#8220; height_phone=&#8220;100px&#8220; height_last_edited=&#8220;on|desktop&#8220; global_colors_info=&#8220;{}&#8220;][\/et_pb_image][\/et_pb_column][et_pb_column type=&#8220;1_3&#8243; _builder_version=&#8220;4.16&#8243; _module_preset=&#8220;default&#8220; global_colors_info=&#8220;{}&#8220;][et_pb_image src=&#8220;https:\/\/prasiva2024.prorodiny.cz\/wp-content\/uploads\/2022\/03\/noe-1.png&#8220; title_text=&#8220;Televize Noe&#8220; show_bottom_space=&#8220;off&#8220; align=&#8220;center&#8220; _builder_version=&#8220;4.17.3&#8243; _module_preset=&#8220;default&#8220; module_alignment=&#8220;center&#8220; max_height=&#8220;100px&#8220; global_colors_info=&#8220;{}&#8220;][\/et_pb_image][\/et_pb_column][et_pb_column type=&#8220;1_3&#8243; _builder_version=&#8220;4.16&#8243; _module_preset=&#8220;default&#8220; global_colors_info=&#8220;{}&#8220;][et_pb_image src=&#8220;https:\/\/prasiva2023.prorodiny.cz\/wp-content\/uploads\/2024\/02\/proglas.png&#8220; title_text=&#8220;proglas&#8220; align=&#8220;center&#8220; _builder_version=&#8220;4.24.2&#8243; _module_preset=&#8220;default&#8220; width=&#8220;77%&#8220; height=&#8220;100px&#8220; global_colors_info=&#8220;{}&#8220;][\/et_pb_image][\/et_pb_column][\/et_pb_row][\/et_pb_section][et_pb_section fb_built=&#8220;1&#8243; custom_padding_last_edited=&#8220;on|desktop&#8220; admin_label=&#8220;kontakty&#8220; module_id=&#8220;kontakty&#8220; _builder_version=&#8220;4.20.4&#8243; background_color=&#8220;#FFF9C6&#8243; background_enable_image=&#8220;off&#8220; min_height=&#8220;218.4px&#8220; min_height_tablet=&#8220;&#8220; min_height_phone=&#8220;&#8220; min_height_last_edited=&#8220;on|phone&#8220; custom_padding=&#8220;0vw||0vw||false|false&#8220; custom_padding_tablet=&#8220;100px||100px||true&#8220; custom_padding_phone=&#8220;||||true&#8220; top_divider_height=&#8220;77px&#8220; top_divider_flip=&#8220;vertical&#8220; top_divider_height_tablet=&#8220;150px&#8220; top_divider_height_phone=&#8220;110px&#8220; top_divider_height_last_edited=&#8220;on|phone&#8220; link_option_url=&#8220;#kontakty&#8220; saved_tabs=&#8220;all&#8220; global_colors_info=&#8220;{}&#8220;][et_pb_row _builder_version=&#8220;4.17.3&#8243; _module_preset=&#8220;default&#8220; global_colors_info=&#8220;{}&#8220;][et_pb_column type=&#8220;4_4&#8243; _builder_version=&#8220;4.17.3&#8243; _module_preset=&#8220;default&#8220; global_colors_info=&#8220;{}&#8220;][et_pb_divider color=&#8220;#000000&#8243; _builder_version=&#8220;4.17.3&#8243; _module_preset=&#8220;default&#8220; custom_margin=&#8220;18px|||||&#8220; global_colors_info=&#8220;{}&#8220;][\/et_pb_divider][\/et_pb_column][\/et_pb_row][et_pb_row column_structure=&#8220;1_2,1_2&#8243; admin_label=&#8220;kontakty&#8220; _builder_version=&#8220;4.17.3&#8243; _module_preset=&#8220;default&#8220; global_colors_info=&#8220;{}&#8220;][et_pb_column type=&#8220;1_2&#8243; _builder_version=&#8220;4.17.3&#8243; _module_preset=&#8220;default&#8220; global_colors_info=&#8220;{}&#8220;][et_pb_text admin_label=&#8220;kontakty_adresa&#8220; _builder_version=&#8220;4.17.3&#8243; _module_preset=&#8220;default&#8220; custom_padding=&#8220;|32px||||&#8220; link_option_url=&#8220;#kontakty&#8220; global_colors_info=&#8220;{}&#8220;]<\/p>\n<p style=\"text-align: left;\"><span style=\"color: #000000;\"><strong>Centrum pro rodinu a soci\u00e1ln\u00ed p\u00e9\u010di z. s.<\/strong><\/span><br \/><span style=\"color: #000000;\">Kosteln\u00ed n\u00e1m\u011bst\u00ed 3172\/1<\/span><br \/><span style=\"color: #000000;\">702 00\u00a0 Ostrava<\/span><br \/><span style=\"color: #000000;\">I\u010cO: 48804517<\/span><br \/><span style=\"color: #000000;\">Telefon: +420 597 822 232<\/span><br \/><span style=\"color: #000000;\">Bankovn\u00ed spojen\u00ed: \u010cS Ostrava \u010d.\u00fa.: 1660723399\/0800<\/span><\/p>\n<p>&nbsp;<\/p>\n<p>[\/et_pb_text][\/et_pb_column][et_pb_column type=&#8220;1_2&#8243; _builder_version=&#8220;4.17.3&#8243; _module_preset=&#8220;default&#8220; global_colors_info=&#8220;{}&#8220;][et_pb_text _builder_version=&#8220;4.17.3&#8243; _module_preset=&#8220;default&#8220; positioning=&#8220;relative&#8220; position_origin_r=&#8220;bottom_left&#8220; global_colors_info=&#8220;{}&#8220;]<\/p>\n<p style=\"text-align: left;\"><span style=\"color: #ffffff;\"><\/span><\/p>\n<p style=\"text-align: left;\"><span style=\"color: #000000;\">Kontaktn\u00ed osoba<\/span><br \/><span style=\"color: #000000;\">Vojt\u011bch Orl\u00edk<\/span><br \/><span style=\"color: #000000;\"><a href=\"mailto:prasiva@prorodiny.cz\" style=\"color: #000000;\">prasiva@prorodiny.cz<\/a><\/span><br \/><span style=\"color: #000000;\"><u><a href=\"tel:+420603981117\" style=\"color: #000000;\">+420 603 981 117<\/a><\/u><\/span><\/p>\n<p>[\/et_pb_text][\/et_pb_column][\/et_pb_row][\/et_pb_section]<\/p>\n","protected":false},"excerpt":{"rendered":"<p>Sd\u00edlej nad\u011bjiSetk\u00e1n\u00ed d\u011bt\u00ed a rodins otcem biskupem1. 7. 2023Pra\u0161iv\u00e1 2023V\u00edce &gt;&gt; Sb\u00edrka Moc d\u011bkujeme za va\u0161i \u0161t\u011bdrost! V\u00fdt\u011b\u017eek, kter\u00fd d\u00edvce Ag\u00e1tce p\u0159isp\u011bje na jej\u00ed rehabilita\u010dn\u00ed p\u00e9\u010di a n\u00e1ro\u010dn\u00e9 terapeutick\u00e9 cvi\u010den\u00ed, byl vybr\u00e1n rekordn\u00edch\u00a034 983 K\u010d.T\u011b\u0161\u00edme se na v\u00e1s zase za rok 1. 7. 2024Akci pro v\u00e1s p\u0159ipravuj\u00ed Centrum pro rodinu a soci\u00e1ln\u00ed p\u00e9\u010di, Katechetick\u00e9 a [&hellip;]<\/p>\n","protected":false},"author":1,"featured_media":3236,"parent":0,"menu_order":0,"comment_status":"closed","ping_status":"closed","template":"","meta":{"_et_pb_use_builder":"on","_et_pb_old_content":"","_et_gb_content_width":"","footnotes":""},"class_list":["post-3233","page","type-page","status-publish","has-post-thumbnail","hentry"],"_links":{"self":[{"href":"https:\/\/prasiva2023.prorodiny.cz\/index.php?rest_route=\/wp\/v2\/pages\/3233","targetHints":{"allow":["GET"]}}],"collection":[{"href":"https:\/\/prasiva2023.prorodiny.cz\/index.php?rest_route=\/wp\/v2\/pages"}],"about":[{"href":"https:\/\/prasiva2023.prorodiny.cz\/index.php?rest_route=\/wp\/v2\/types\/page"}],"author":[{"embeddable":true,"href":"https:\/\/prasiva2023.prorodiny.cz\/index.php?rest_route=\/wp\/v2\/users\/1"}],"replies":[{"embeddable":true,"href":"https:\/\/prasiva2023.prorodiny.cz\/index.php?rest_route=%2Fwp%2Fv2%2Fcomments&post=3233"}],"version-history":[{"count":36,"href":"https:\/\/prasiva2023.prorodiny.cz\/index.php?rest_route=\/wp\/v2\/pages\/3233\/revisions"}],"predecessor-version":[{"id":3529,"href":"https:\/\/prasiva2023.prorodiny.cz\/index.php?rest_route=\/wp\/v2\/pages\/3233\/revisions\/3529"}],"wp:featuredmedia":[{"embeddable":true,"href":"https:\/\/prasiva2023.prorodiny.cz\/index.php?rest_route=\/wp\/v2\/media\/3236"}],"wp:attachment":[{"href":"https:\/\/prasiva2023.prorodiny.cz\/index.php?rest_route=%2Fwp%2Fv2%2Fmedia&parent=3233"}],"curies":[{"name":"wp","href":"https:\/\/api.w.org\/{rel}","templated":true}]}}