{"id":3070,"date":"2022-07-04T15:55:30","date_gmt":"2022-07-04T13:55:30","guid":{"rendered":"https:\/\/prasiva2024.prorodiny.cz\/?page_id=3070"},"modified":"2023-07-02T14:26:38","modified_gmt":"2023-07-02T12:26:38","slug":"fotogalerie","status":"publish","type":"page","link":"https:\/\/prasiva2023.prorodiny.cz\/?page_id=3070","title":{"rendered":"Fotogalerie"},"content":{"rendered":"<p>[et_pb_section fb_built=&#8220;1&#8243; _builder_version=&#8220;4.17.4&#8243; _module_preset=&#8220;default&#8220; global_colors_info=&#8220;{}&#8220;][et_pb_row _builder_version=&#8220;4.17.4&#8243; _module_preset=&#8220;default&#8220; global_colors_info=&#8220;{}&#8220;][et_pb_column type=&#8220;4_4&#8243; _builder_version=&#8220;4.17.4&#8243; _module_preset=&#8220;default&#8220; global_colors_info=&#8220;{}&#8220;][et_pb_text _builder_version=&#8220;4.17.4&#8243; _module_preset=&#8220;default&#8220; display_conditions=&#8220;W10=&#8220; global_colors_info=&#8220;{}&#8220;]<\/p>\n<h1>Fotogalerie<\/h1>\n<p>[\/et_pb_text][\/et_pb_column][\/et_pb_row][et_pb_row _builder_version=&#8220;4.17.4&#8243; _module_preset=&#8220;default&#8220; global_colors_info=&#8220;{}&#8220;][et_pb_column type=&#8220;4_4&#8243; _builder_version=&#8220;4.17.4&#8243; _module_preset=&#8220;default&#8220; global_colors_info=&#8220;{}&#8220;][et_pb_text _builder_version=&#8220;4.21.0&#8243; _module_preset=&#8220;default&#8220; hover_enabled=&#8220;0&#8243; global_colors_info=&#8220;{}&#8220; sticky_enabled=&#8220;0&#8243;]<\/p>\n<p><a href=\"https:\/\/www.clovekavira.cz\/detail-galerie\/be839099-dfc5-428a-b3bf-263a4b8ef80b\" target=\"_blank\" rel=\"noopener\">Galerie \u010clov\u011bk a v\u00edra<\/a>, dal\u0161\u00ed foto &#8211; <a href=\"https:\/\/www.clovekavira.cz\/detail-galerie\/b61cf311-8eb4-49f8-a302-799df64b8df7\" target=\"_blank\" rel=\"noopener\">dopoledn\u00ed program<\/a>, <a href=\"https:\/\/www.clovekavira.cz\/detail-galerie\/b7fea91b-c278-489a-b76f-a0c359550de9\" target=\"_blank\" rel=\"noopener\">odpoledn\u00ed program<\/a>.<\/p>\n<p>Foto Lucia Petr\u016fjov\u00e1\/CPR:<\/p>\n<p>[\/et_pb_text][et_pb_gallery _builder_version=&#8220;4.21.0&#8243; _module_preset=&#8220;default&#8220; gallery_ids=&#8220;3485,3426,3427,3428,3429,3430,3431,3433,3434,3435,3436,3437,3438,3439,3440,3441,3442,3443,3444,3445,3446,3447,3448,3449,3450,3451,3452,3453,3461,3460,3459,3458,3457,3456,3455,3454,3462,3470,3471,3463,3464,3472,3473,3465,3466,3474,3475,3467,3468,3476,3477,3469,3478,3479,3480,3481,3482,3483,3484&#8243; show_title_and_caption=&#8220;off&#8220; hover_enabled=&#8220;0&#8243; sticky_enabled=&#8220;0&#8243; posts_number=&#8220;20&#8243; gallery_orderby=&#8220;rand&#8220;][\/et_pb_gallery][\/et_pb_column][\/et_pb_row][\/et_pb_section]<\/p>\n","protected":false},"excerpt":{"rendered":"<p>FotogalerieGalerie \u010clov\u011bk a v\u00edra, dal\u0161\u00ed foto &#8211; dopoledn\u00ed program, odpoledn\u00ed program. Foto Lucia Petr\u016fjov\u00e1\/CPR:<\/p>\n","protected":false},"author":1,"featured_media":0,"parent":0,"menu_order":0,"comment_status":"closed","ping_status":"closed","template":"","meta":{"_et_pb_use_builder":"on","_et_pb_old_content":"","_et_gb_content_width":"","footnotes":""},"class_list":["post-3070","page","type-page","status-publish","hentry"],"_links":{"self":[{"href":"https:\/\/prasiva2023.prorodiny.cz\/index.php?rest_route=\/wp\/v2\/pages\/3070","targetHints":{"allow":["GET"]}}],"collection":[{"href":"https:\/\/prasiva2023.prorodiny.cz\/index.php?rest_route=\/wp\/v2\/pages"}],"about":[{"href":"https:\/\/prasiva2023.prorodiny.cz\/index.php?rest_route=\/wp\/v2\/types\/page"}],"author":[{"embeddable":true,"href":"https:\/\/prasiva2023.prorodiny.cz\/index.php?rest_route=\/wp\/v2\/users\/1"}],"replies":[{"embeddable":true,"href":"https:\/\/prasiva2023.prorodiny.cz\/index.php?rest_route=%2Fwp%2Fv2%2Fcomments&post=3070"}],"version-history":[{"count":13,"href":"https:\/\/prasiva2023.prorodiny.cz\/index.php?rest_route=\/wp\/v2\/pages\/3070\/revisions"}],"predecessor-version":[{"id":3489,"href":"https:\/\/prasiva2023.prorodiny.cz\/index.php?rest_route=\/wp\/v2\/pages\/3070\/revisions\/3489"}],"wp:attachment":[{"href":"https:\/\/prasiva2023.prorodiny.cz\/index.php?rest_route=%2Fwp%2Fv2%2Fmedia&parent=3070"}],"curies":[{"name":"wp","href":"https:\/\/api.w.org\/{rel}","templated":true}]}}