{"id":3051,"date":"2022-06-22T21:15:26","date_gmt":"2022-06-22T19:15:26","guid":{"rendered":"https:\/\/prasiva2024.prorodiny.cz\/?page_id=3051"},"modified":"2024-02-21T15:49:04","modified_gmt":"2024-02-21T14:49:04","slug":"hymna","status":"publish","type":"page","link":"https:\/\/prasiva2023.prorodiny.cz\/?page_id=3051","title":{"rendered":"Hymna"},"content":{"rendered":"<p>[et_pb_section fb_built=&#8220;1&#8243; _builder_version=&#8220;4.17.3&#8243; _module_preset=&#8220;default&#8220; custom_padding=&#8220;5px||3px|||&#8220; global_colors_info=&#8220;{}&#8220;][et_pb_row _builder_version=&#8220;4.16&#8243; _module_preset=&#8220;default&#8220; custom_padding=&#8220;5px|||||&#8220; global_colors_info=&#8220;{}&#8220;][et_pb_column type=&#8220;4_4&#8243; _builder_version=&#8220;4.16&#8243; _module_preset=&#8220;default&#8220; global_colors_info=&#8220;{}&#8220;][et_pb_audio audio=&#8220;https:\/\/prasiva2024.prorodiny.cz\/wp-content\/uploads\/2022\/06\/prasiva_hymna.mp3&#8243; title=&#8220;Hymna Pra\u0161iv\u00e1&#8220; _builder_version=&#8220;4.20.4&#8243; _module_preset=&#8220;default&#8220; background_color=&#8220;#113B65&#8243; background_enable_image=&#8220;off&#8220; global_colors_info=&#8220;{}&#8220;][\/et_pb_audio][et_pb_text _builder_version=&#8220;4.17.4&#8243; _module_preset=&#8220;default&#8220; global_colors_info=&#8220;{}&#8220;]<\/p>\n<ol>\n<li>Brzo r\u00e1no vstanu, slun\u00ed\u010dko pozdrav\u00edm.<br \/>Vezmu t\u00e1tu, m\u00e1mu, na cestu vyraz\u00edm.<\/li>\n<li>Pr\u00e1zdniny jsou tady, tak v\u0161ichni zp\u00edvejme.<br \/>Spole\u010dn\u011b s biskupem l\u00e9to v\u00edtejme.<\/li>\n<\/ol>\n<p>Ref.: V\u017edy\u0165 je tu l\u00e9to, slunce n\u00e1m sv\u00edt\u00ed.<br \/>Lidi se sm\u011bjou a v\u0161ude plno kv\u00edt\u00ed.<br \/>V\u017edy\u0165 je tu l\u00e9to, slunce n\u00e1s h\u0159eje.<br \/>Pt\u00e1ci n\u00e1m zp\u00edvaj\u00ed a v\u0161em dob\u0159e je.<\/p>\n<ol start=\"3\">\n<li>Na Pra\u0161iv\u00e9 ho\u0159e je kopec z\u00e1bavy.<br \/>Nebudem se nudit. Nem\u011bjte obavy.<\/li>\n<\/ol>\n<ol start=\"4\">\n<li>Hrajeme si tady a tvo\u0159\u00edme v\u011bci. <br \/>M\u00e1me tu kamar\u00e1dy a rodinu p\u0159eci.<\/li>\n<\/ol>\n<ol start=\"5\">\n<li>Biskup \u0159ekne \u201eamen\u201c a pr\u00e1zdniny jsou tu. <br \/>Nebudem se mra\u010dit. Sl\u00e1va P\u00e1nu Bohu.<\/li>\n<\/ol>\n<p>(Hudba a text: Jan Svojanovsk\u00fd)<\/p>\n<p>&nbsp;<\/p>\n<p>[\/et_pb_text][\/et_pb_column][\/et_pb_row][\/et_pb_section]<\/p>\n","protected":false},"excerpt":{"rendered":"<p>Brzo r\u00e1no vstanu, slun\u00ed\u010dko pozdrav\u00edm.Vezmu t\u00e1tu, m\u00e1mu, na cestu vyraz\u00edm. Pr\u00e1zdniny jsou tady, tak v\u0161ichni zp\u00edvejme.Spole\u010dn\u011b s biskupem l\u00e9to v\u00edtejme. Ref.: V\u017edy\u0165 je tu l\u00e9to, slunce n\u00e1m sv\u00edt\u00ed.Lidi se sm\u011bjou a v\u0161ude plno kv\u00edt\u00ed.V\u017edy\u0165 je tu l\u00e9to, slunce n\u00e1s h\u0159eje.Pt\u00e1ci n\u00e1m zp\u00edvaj\u00ed a v\u0161em dob\u0159e je. Na Pra\u0161iv\u00e9 ho\u0159e je kopec z\u00e1bavy.Nebudem se nudit. Nem\u011bjte [&hellip;]<\/p>\n","protected":false},"author":1,"featured_media":0,"parent":0,"menu_order":0,"comment_status":"closed","ping_status":"closed","template":"","meta":{"_et_pb_use_builder":"on","_et_pb_old_content":"","_et_gb_content_width":"","footnotes":""},"class_list":["post-3051","page","type-page","status-publish","hentry"],"_links":{"self":[{"href":"https:\/\/prasiva2023.prorodiny.cz\/index.php?rest_route=\/wp\/v2\/pages\/3051","targetHints":{"allow":["GET"]}}],"collection":[{"href":"https:\/\/prasiva2023.prorodiny.cz\/index.php?rest_route=\/wp\/v2\/pages"}],"about":[{"href":"https:\/\/prasiva2023.prorodiny.cz\/index.php?rest_route=\/wp\/v2\/types\/page"}],"author":[{"embeddable":true,"href":"https:\/\/prasiva2023.prorodiny.cz\/index.php?rest_route=\/wp\/v2\/users\/1"}],"replies":[{"embeddable":true,"href":"https:\/\/prasiva2023.prorodiny.cz\/index.php?rest_route=%2Fwp%2Fv2%2Fcomments&post=3051"}],"version-history":[{"count":10,"href":"https:\/\/prasiva2023.prorodiny.cz\/index.php?rest_route=\/wp\/v2\/pages\/3051\/revisions"}],"predecessor-version":[{"id":3526,"href":"https:\/\/prasiva2023.prorodiny.cz\/index.php?rest_route=\/wp\/v2\/pages\/3051\/revisions\/3526"}],"wp:attachment":[{"href":"https:\/\/prasiva2023.prorodiny.cz\/index.php?rest_route=%2Fwp%2Fv2%2Fmedia&parent=3051"}],"curies":[{"name":"wp","href":"https:\/\/api.w.org\/{rel}","templated":true}]}}