{"id":1668,"date":"2020-12-09T15:10:17","date_gmt":"2020-12-09T14:10:17","guid":{"rendered":"https:\/\/prasiva2022.prorodiny.cz\/?page_id=1668"},"modified":"2022-02-18T10:15:38","modified_gmt":"2022-02-18T09:15:38","slug":"cookies","status":"publish","type":"page","link":"https:\/\/prasiva2023.prorodiny.cz\/?page_id=1668","title":{"rendered":"Cookies"},"content":{"rendered":"<p>[et_pb_section fb_built=&#8220;1&#8243; _builder_version=&#8220;4.7.4&#8243; _module_preset=&#8220;default&#8220; global_colors_info=&#8220;{}&#8220;][et_pb_row _builder_version=&#8220;4.7.4&#8243; _module_preset=&#8220;default&#8220; global_colors_info=&#8220;{}&#8220;][et_pb_column type=&#8220;4_4&#8243; _builder_version=&#8220;4.7.4&#8243; _module_preset=&#8220;default&#8220; global_colors_info=&#8220;{}&#8220;][et_pb_blurb title=&#8220;Na webu k setk\u00e1n\u00ed Pra\u0161iv\u00e1 jsou v souladu se z\u00e1kony pou\u017e\u00edv\u00e1ny cookies.&#8220; _builder_version=&#8220;4.14.8&#8243; _module_preset=&#8220;default&#8220; hover_enabled=&#8220;0&#8243; global_colors_info=&#8220;{}&#8220; custom_padding=&#8220;0px|||||&#8220; sticky_enabled=&#8220;0&#8243;]<\/p>\n<h3>Co je to cookies?<\/h3>\n<p>Jako cookie (anglicky kol\u00e1\u010dek, oplatka, su\u0161enka) se v\u00a0protokolu HTTP ozna\u010duje mal\u00e9 mno\u017estv\u00ed dat, kter\u00e1 WWW server po\u0161le prohl\u00ed\u017ee\u010di, kter\u00fd je ulo\u017e\u00ed na po\u010d\u00edta\u010di\u00a0u\u017eivatele. P\u0159i\u00a0ka\u017ed\u00e9 dal\u0161\u00ed n\u00e1v\u0161t\u011bv\u011b t\u00e9ho\u017e serveru pak prohl\u00ed\u017ee\u010d tato data pos\u00edl\u00e1 zp\u011bt serveru. Cookies b\u011b\u017en\u011b slou\u017e\u00ed k\u00a0rozli\u0161ov\u00e1n\u00ed jednotliv\u00fdch u\u017eivatel\u016f, ukl\u00e1daj\u00ed se do nich u\u017eivatelsk\u00e9 p\u0159edvolby apod. a zjednodu\u0161uj\u00ed tak pou\u017e\u00edv\u00e1n\u00ed web\u016f.<\/p>\n<p>Cookies se ukl\u00e1daj\u00ed na stran\u011b klienta (u\u017eivatele) jako kr\u00e1tk\u00e9 textov\u00e9 soubory.<\/p>\n<p>Cookies neznamenaj\u00ed \u017e\u00e1dn\u00e9 nebezpe\u010d\u00ed pro po\u010d\u00edta\u010djako takov\u00fd. P\u0159esto maj\u00ed cookies v\u00fdznam pro ochranu soukrom\u00ed. Nav\u0161t\u00edven\u00fd web si toti\u017e m\u016f\u017ee ukl\u00e1dat do cookies jak\u00e9koliv informace, kter\u00e9o\u00a0n\u00e1v\u0161t\u011bvn\u00edkovi zjist\u00ed a m\u016f\u017ee tak postupn\u011b zji\u0161\u0165ovat z\u00e1jmy konkr\u00e9tn\u00edho n\u00e1v\u0161t\u011bvn\u00edka. V\u00a0\u017e\u00e1dn\u00e9m p\u0159\u00edpad\u011b v\u0161ak nelze cookies pou\u017e\u00edt pro zji\u0161t\u011bn\u00ed toto\u017enosti n\u00e1v\u0161t\u011bvn\u00edk\u016f.<\/p>\n<p>Informac\u00ed z\u00a0cookies se d\u00e1 posl\u00e9ze i\u00a0bez v\u011bdom\u00ed n\u00e1v\u0161t\u011bvn\u00edka vyu\u017e\u00edvat pro c\u00edlenou reklamu, statistick\u00e9 vyhodnocov\u00e1n\u00ed chov\u00e1n\u00ed n\u00e1v\u0161t\u011bvn\u00edk\u016f, apod. Tyto informace v\u0161ak lze z\u00edsk\u00e1vat i\u00a0bez cookies, proto toto jejich vyu\u017eit\u00ed nem\u016f\u017ee b\u00fdt pova\u017eov\u00e1no za zvl\u00e1\u0161\u0165 nebezpe\u010dn\u00e9.<\/p>\n<p>&nbsp;<\/p>\n<p>Voln\u011b \u010derp\u00e1no z<span>\u00a0<\/span><a href=\"https:\/\/cs.wikipedia.org\/wiki\/HTTP_cookie\">Wikipedie<\/a>.<\/p>\n<h3>Jak cookies pou\u017e\u00edv\u00e1me?<\/h3>\n<h4>Na\u0161e vlastn\u00ed cookies<\/h4>\n<p>Slou\u017e\u00ed pro funk\u010dnost web\u016f. M\u016f\u017ee j\u00edt nap\u0159\u00edklad o\u00a0evidenci toho, jak\u00e9 koment\u00e1\u0159e pod \u010dl\u00e1nkem u\u017eivatel vid\u011bl a jak\u00e9 jsou pro n\u011bj nov\u00e9 nebo o\u00a0udr\u017eov\u00e1n\u00ed informac\u00ed o\u00a0p\u0159ihl\u00e1\u0161en\u00ed.<\/p>\n<h4>Cookies t\u0159et\u00edch stran<\/h4>\n<p>Pou\u017e\u00edv\u00e1me i\u00a0nejr\u016fzn\u011bj\u0161\u00ed slu\u017eby na\u0161ich partner\u016f, kte\u0159\u00ed rovn\u011b\u017e pou\u017e\u00edvaj\u00ed cookies. Tyto cookies jsou \u0159\u00edzeny t\u0159et\u00edmi stranami a my nem\u00e1me p\u0159\u00edstup ke \u010dten\u00ed nebo z\u00e1pisu t\u011bchto dat.<\/p>\n<p>Jde zejm\u00e9na o\u00a0syst\u00e9my pro doru\u010dov\u00e1n\u00ed reklamy nebo anal\u00fdzy n\u00e1v\u0161t\u011bvnosti.<\/p>\n<p>Souhlas s\u00a0ukl\u00e1d\u00e1n\u00edm cookies<br \/>V\u011bt\u0161ina prohl\u00ed\u017ee\u010d\u016f cookies automaticky akceptuje, pokud nen\u00ed prohl\u00ed\u017ee\u010d nastaven jinak. Pou\u017e\u00edv\u00e1n\u00edm na\u0161ich web\u016f souhlas\u00edte s\u00a0ukl\u00e1d\u00e1n\u00edm soubor\u016f cookies.<\/p>\n<p>Pou\u017eit\u00ed cookies m\u016f\u017ee u\u017eivatel omezit nebo zablokovat vnastaven\u00ed sv\u00e9ho webov\u00e9ho prohl\u00ed\u017ee\u010de.<\/p>\n<h3>Jak zkontrolovat nastaven\u00ed cookies v\u00a0r\u016fzn\u00fdch prohl\u00ed\u017ee\u010d\u00edch<\/h3>\n<p>Informace o\u00a0nastaven\u00edkonkr\u00e9tn\u00edho prohl\u00ed\u017ee\u010de naleznete na t\u011bchto uveden\u00fdch adres\u00e1ch:<\/p>\n<p>Chrome:<span>\u00a0<\/span><a href=\"https:\/\/support.google.com\/\">support.google.com<\/a><\/p>\n<p>Opera:<span>\u00a0<\/span><a href=\"https:\/\/help.opera.com\/\">help.opera.com<\/a><\/p>\n<p>Firefox:<span>\u00a0<\/span><a href=\"https:\/\/support.mozilla.org\/\">support.mozilla.org<\/a><\/p>\n<p>MSIE:<span>\u00a0<\/span><a href=\"http:\/\/windows.microsoft.com\/\">windows.microsoft.com<\/a><\/p>\n<p>Safari:<span>\u00a0<\/span><a href=\"https:\/\/support.apple.com\/\">support.apple.com<\/a><\/p>\n<p>[\/et_pb_blurb][\/et_pb_column][\/et_pb_row][\/et_pb_section]<\/p>\n","protected":false},"excerpt":{"rendered":"<p>Co je to cookies? Jako cookie (anglicky kol\u00e1\u010dek, oplatka, su\u0161enka) se v\u00a0protokolu HTTP ozna\u010duje mal\u00e9 mno\u017estv\u00ed dat, kter\u00e1 WWW server po\u0161le prohl\u00ed\u017ee\u010di, kter\u00fd je ulo\u017e\u00ed na po\u010d\u00edta\u010di\u00a0u\u017eivatele. P\u0159i\u00a0ka\u017ed\u00e9 dal\u0161\u00ed n\u00e1v\u0161t\u011bv\u011b t\u00e9ho\u017e serveru pak prohl\u00ed\u017ee\u010d tato data pos\u00edl\u00e1 zp\u011bt serveru. Cookies b\u011b\u017en\u011b slou\u017e\u00ed k\u00a0rozli\u0161ov\u00e1n\u00ed jednotliv\u00fdch u\u017eivatel\u016f, ukl\u00e1daj\u00ed se do nich u\u017eivatelsk\u00e9 p\u0159edvolby apod. a zjednodu\u0161uj\u00ed tak [&hellip;]<\/p>\n","protected":false},"author":1,"featured_media":0,"parent":0,"menu_order":0,"comment_status":"closed","ping_status":"closed","template":"","meta":{"_et_pb_use_builder":"on","_et_pb_old_content":"","_et_gb_content_width":"","footnotes":""},"class_list":["post-1668","page","type-page","status-publish","hentry"],"_links":{"self":[{"href":"https:\/\/prasiva2023.prorodiny.cz\/index.php?rest_route=\/wp\/v2\/pages\/1668","targetHints":{"allow":["GET"]}}],"collection":[{"href":"https:\/\/prasiva2023.prorodiny.cz\/index.php?rest_route=\/wp\/v2\/pages"}],"about":[{"href":"https:\/\/prasiva2023.prorodiny.cz\/index.php?rest_route=\/wp\/v2\/types\/page"}],"author":[{"embeddable":true,"href":"https:\/\/prasiva2023.prorodiny.cz\/index.php?rest_route=\/wp\/v2\/users\/1"}],"replies":[{"embeddable":true,"href":"https:\/\/prasiva2023.prorodiny.cz\/index.php?rest_route=%2Fwp%2Fv2%2Fcomments&post=1668"}],"version-history":[{"count":4,"href":"https:\/\/prasiva2023.prorodiny.cz\/index.php?rest_route=\/wp\/v2\/pages\/1668\/revisions"}],"predecessor-version":[{"id":2488,"href":"https:\/\/prasiva2023.prorodiny.cz\/index.php?rest_route=\/wp\/v2\/pages\/1668\/revisions\/2488"}],"wp:attachment":[{"href":"https:\/\/prasiva2023.prorodiny.cz\/index.php?rest_route=%2Fwp%2Fv2%2Fmedia&parent=1668"}],"curies":[{"name":"wp","href":"https:\/\/api.w.org\/{rel}","templated":true}]}}